{"id":5,"date":"2018-02-11T04:39:35","date_gmt":"2018-02-11T01:39:35","guid":{"rendered":"http:\/\/turankislakci.com\/tr\/?page_id=5"},"modified":"2018-02-19T13:43:10","modified_gmt":"2018-02-19T10:43:10","slug":"iletisim","status":"publish","type":"page","link":"https:\/\/turankislakci.com\/tr\/iletisim","title":{"rendered":"\u0130leti\u015fim"},"content":{"rendered":"<p><strong>Turan K\u0131\u015flak\u00e7\u0131<\/strong><br \/>\n<strong>\u0130leti\u015fim adresi:<\/strong> <a href=\"mailto:bilgi@turankislakci.com\">bilgi@turankislakci.com<\/a><\/p>\n","protected":false},"excerpt":{"rendered":"Turan K\u0131\u015flak\u00e7\u0131 \u0130leti\u015fim adresi: bilgi@turankislakci.com","protected":false},"author":1,"featured_media":0,"parent":0,"menu_order":0,"comment_status":"closed","ping_status":"closed","template":"","meta":{"footnotes":""},"class_list":["post-5","page","type-page","status-publish","hentry"],"_links":{"self":[{"href":"https:\/\/turankislakci.com\/tr\/wp-json\/wp\/v2\/pages\/5","targetHints":{"allow":["GET"]}}],"collection":[{"href":"https:\/\/turankislakci.com\/tr\/wp-json\/wp\/v2\/pages"}],"about":[{"href":"https:\/\/turankislakci.com\/tr\/wp-json\/wp\/v2\/types\/page"}],"author":[{"embeddable":true,"href":"https:\/\/turankislakci.com\/tr\/wp-json\/wp\/v2\/users\/1"}],"replies":[{"embeddable":true,"href":"https:\/\/turankislakci.com\/tr\/wp-json\/wp\/v2\/comments?post=5"}],"version-history":[{"count":2,"href":"https:\/\/turankislakci.com\/tr\/wp-json\/wp\/v2\/pages\/5\/revisions"}],"predecessor-version":[{"id":292,"href":"https:\/\/turankislakci.com\/tr\/wp-json\/wp\/v2\/pages\/5\/revisions\/292"}],"wp:attachment":[{"href":"https:\/\/turankislakci.com\/tr\/wp-json\/wp\/v2\/media?parent=5"}],"curies":[{"name":"wp","href":"https:\/\/api.w.org\/{rel}","templated":true}]}}